{"id":262,"date":"2020-06-10T23:00:39","date_gmt":"2020-06-10T21:00:39","guid":{"rendered":"http:\/\/www.edytasowa.pl\/?page_id=262"},"modified":"2026-04-02T11:57:53","modified_gmt":"2026-04-02T09:57:53","slug":"pierwsza-wizyta","status":"publish","type":"page","link":"https:\/\/www.edytasowa.pl\/index.php\/pierwsza-wizyta\/","title":{"rendered":"Zalecane badania"},"content":{"rendered":"<p>Przed przyj\u015bciem na wizyt\u0119 zalecamy wykonanie kilku bada\u0144 laboratoryjnych.<br \/>\nNiestety sama wizyta, nawet z badaniem EKG, cz\u0119sto mo\u017ce nie pozwoli\u0107 lekarzowi na postawienie diagnozy i w\u0142\u0105czenie optymalnego leczenia.<br \/>\nWiele chor\u00f3b ma bardzo podobne objawy, ale ca\u0142kowicie odmienne leczenie.<\/p>\n<p><strong>Zalecana lista bada\u0144 laboratoryjnych do wykonana przed wizyt\u0105 kontroln\u0105<\/strong>:<\/p>\n<p>\u2013 morfologia<br \/>\n\u2013 elektrolity<br \/>\n\u2013 kreatynina<br \/>\n\u2013 cukier (HbA1C)<br \/>\n\u2013 ALT<br \/>\n\u2013 lipidogram (rozdzia\u0142 !)<br \/>\n\u2013 TSH<br \/>\n\u2013 kwas moczowy<br \/>\n&#8211; CRP<\/p>\n<p>-og\u00f3lne badanie moczu (zalecane)<\/p>\n<p>Dodatkowe badania:<\/p>\n<p>&#8211; CPK (u os\u00f3b bior\u0105cych statyny)<\/p>\n<p>Dodatkowo &#8211; <strong>ksi\u0105\u017ceczka pomiar\u00f3w ci\u015bnie\u0144 z ostatnich 14 dni (2 pomiary dziennie &#8211; rano i wieczorem PRZED LEKAMI wraz z pulsem)<\/strong><\/p>\n<p><strong>Wa\u017cne !!! : prosimy przynie\u015b\u0107 ze sob\u0105 dost\u0119pn\u0105 dokumentacj\u0119 medyczn\u0105 ze wcze\u015bniejszego leczenia<\/strong>:<\/p>\n<p>&#8211; wypisy ze szpitalna (szczeg\u00f3lnie z oddzia\u0142u kardiologii lub chor\u00f3b wewn\u0119trznych)<br \/>\n&#8211; wcze\u015bniejsze badania EKG i echa sera UKG &#8211; kontrola progresji choroby<br \/>\n&#8211; wyniki testu wysi\u0142kowego \/ Holtera \/ tomografii \/rezonansu<\/p>\n<p><img loading=\"lazy\" decoding=\"async\" class=\"alignnone size-full wp-image-149\" src=\"https:\/\/www.edytasowa.pl\/wp-content\/uploads\/badania-labolatoryjne.jpg\" alt=\"\" width=\"275\" height=\"183\" \/><\/p>\n","protected":false},"excerpt":{"rendered":"<p>Przed przyj\u015bciem na wizyt\u0119 zalecamy wykonanie kilku bada\u0144 laboratoryjnych. Niestety sama wizyta, nawet z badaniem EKG, cz\u0119sto mo\u017ce nie pozwoli\u0107 lekarzowi na postawienie diagnozy i w\u0142\u0105czenie optymalnego leczenia. Wiele chor\u00f3b ma bardzo podobne objawy, ale ca\u0142kowicie odmienne leczenie. Zalecana lista bada\u0144 laboratoryjnych do wykonana przed wizyt\u0105 kontroln\u0105: \u2013 morfologia \u2013 elektrolity \u2013 kreatynina \u2013 cukier &hellip; <\/p>\n<p class=\"link-more\"><a href=\"https:\/\/www.edytasowa.pl\/index.php\/pierwsza-wizyta\/\" class=\"more-link\">Czytaj dalej<span class=\"screen-reader-text\"> \u201eZalecane badania\u201d<\/span><\/a><\/p>\n","protected":false},"author":2,"featured_media":0,"parent":0,"menu_order":2,"comment_status":"closed","ping_status":"closed","template":"","meta":{"footnotes":""},"class_list":["post-262","page","type-page","status-publish","hentry"],"_links":{"self":[{"href":"https:\/\/www.edytasowa.pl\/index.php\/wp-json\/wp\/v2\/pages\/262","targetHints":{"allow":["GET"]}}],"collection":[{"href":"https:\/\/www.edytasowa.pl\/index.php\/wp-json\/wp\/v2\/pages"}],"about":[{"href":"https:\/\/www.edytasowa.pl\/index.php\/wp-json\/wp\/v2\/types\/page"}],"author":[{"embeddable":true,"href":"https:\/\/www.edytasowa.pl\/index.php\/wp-json\/wp\/v2\/users\/2"}],"replies":[{"embeddable":true,"href":"https:\/\/www.edytasowa.pl\/index.php\/wp-json\/wp\/v2\/comments?post=262"}],"version-history":[{"count":16,"href":"https:\/\/www.edytasowa.pl\/index.php\/wp-json\/wp\/v2\/pages\/262\/revisions"}],"predecessor-version":[{"id":511,"href":"https:\/\/www.edytasowa.pl\/index.php\/wp-json\/wp\/v2\/pages\/262\/revisions\/511"}],"wp:attachment":[{"href":"https:\/\/www.edytasowa.pl\/index.php\/wp-json\/wp\/v2\/media?parent=262"}],"curies":[{"name":"wp","href":"https:\/\/api.w.org\/{rel}","templated":true}]}}