{"id":161,"date":"2018-12-02T14:23:15","date_gmt":"2018-12-02T13:23:15","guid":{"rendered":"http:\/\/www.edytasowa.pl\/?page_id=161"},"modified":"2025-05-19T12:27:28","modified_gmt":"2025-05-19T10:27:28","slug":"cennik","status":"publish","type":"page","link":"https:\/\/www.edytasowa.pl\/index.php\/cennik\/","title":{"rendered":"Cennik -oferta"},"content":{"rendered":"<ul>\n<li>Wizyta lekarska z echem serca (UKG)\u00a0 i EKG :\u00a0 \u00a0 \u00a0 450 z\u0142\u00a0 (60 min)<\/li>\n<li>Wizyta lekarska z badaniem EKG :\u00a0 \u00a0 \u00a0 \u00a0 \u00a0 \u00a0 \u00a0 \u00a0 \u00a0 \u00a0 \u00a0 \u00a0 \u00a0 \u00a0 \u00a0300 z\u0142\u00a0 \u00a0(30 min)<\/li>\n<li>Echo serca ( UKG ):\u00a0 \u00a0 \u00a0 \u00a0 \u00a0 \u00a0 \u00a0 \u00a0 \u00a0 \u00a0 \u00a0 \u00a0 \u00a0 \u00a0 \u00a0 \u00a0 \u00a0 \u00a0 \u00a0 \u00a0 \u00a0 \u00a0 \u00a0 \u00a0 \u00a0 \u00a0 \u00a0 \u00a0 \u00a0 \u00a0 \u00a0250 z\u0142<\/li>\n<li>HOLTER EKG:\u00a0 \u00a0 \u00a0 \u00a0 \u00a0 \u00a0 \u00a0 \u00a0 \u00a0 \u00a0 \u00a0 \u00a0 \u00a0 \u00a0 \u00a0 \u00a0 \u00a0 \u00a0 \u00a0 \u00a0 \u00a0 \u00a0 \u00a0 \u00a0 \u00a0 \u00a0 \u00a0 \u00a0 \u00a0 \u00a0 \u00a0 \u00a0 \u00a0 \u00a0 \u00a0 \u00a0150 z\u0142 (24h) &#8211; 200z\u0142 (48h)<\/li>\n<li>HOLTER ci\u015bnieniowy:\u00a0 \u00a0 \u00a0 \u00a0 \u00a0 \u00a0 \u00a0 \u00a0 \u00a0 \u00a0 \u00a0 \u00a0 \u00a0 \u00a0 \u00a0 \u00a0 \u00a0 \u00a0 \u00a0 \u00a0 \u00a0 \u00a0 \u00a0 \u00a0 \u00a0 \u00a0 \u00a0 \u00a0100 z\u0142<\/li>\n<li>Badanie EKG :\u00a0 \u00a0 \u00a0 \u00a0 \u00a0 \u00a0 \u00a0 \u00a0 \u00a0 \u00a0 \u00a0 \u00a0 \u00a0 \u00a0 \u00a0 \u00a0 \u00a0 \u00a0 \u00a0 \u00a0 \u00a0 \u00a0 \u00a0 \u00a0 \u00a0 \u00a0 \u00a0 \u00a0 \u00a0 \u00a0 \u00a0 \u00a0 \u00a0 \u00a0 \u00a0 \u00a030z\u0142<\/li>\n<\/ul>\n<p><strong>Us\u0142ugi zdalne:<\/strong><\/p>\n<ul>\n<li>Wizyta recepturowa (tylko dla pacjent\u00f3w gabinetu na leki przepisane w czasie wizyty)\u00a0 \u00a0100 z\u0142<\/li>\n<li>Za\u015bwiadczenia do ZUS\/inne\u00a0 \u00a0 \u00a0 \u00a0 \u00a0 \u00a0 \u00a0 \u00a0 \u00a0 \u00a0100 z\u0142<\/li>\n<li>Teleporada (dost\u0119pna tylko dla pacjent\u00f3w wcze\u015bniej diagnozowanych w gabinecie)\u00a0 \u00a0 \u00a0150 z\u0142<\/li>\n<\/ul>\n<p><strong>Us\u0142ugi specjalne (dost\u0119pne wy\u0142\u0105cznie po wcze\u015bniejszym uzgodnieniu)<\/strong>:<\/p>\n<ul>\n<li>Pilna wizyta lekarska poza godzinami pracy lekarza\u00a0 **\n<ul>\n<li style=\"list-style-type: none;\">\n<ul>\n<li>z echem serca i EKG\u00a0 \u00a0 \u00a0 \u00a0 \u00a0 \u00a0 \u00a0 \u00a0 \u00a0 \u00a0 \u00a0600 z\u0142<\/li>\n<li>bez badania echo serca\u00a0 \u00a0 \u00a0 \u00a0 \u00a0 \u00a0 \u00a0 500 z\u0142<br \/>\n** ewentualn\u0105 mo\u017cliwo\u015b\u0107 przeprowadzenia wizyty do wcze\u015bniejszego uzgodnienia -prosz\u0119 o sms o tre\u015bci PILNA na nr 607275256<\/li>\n<\/ul>\n<\/li>\n<\/ul>\n<ul>\n<li style=\"list-style-type: none;\"><\/li>\n<\/ul>\n<\/li>\n<\/ul>\n<figure id=\"attachment_51\" aria-describedby=\"caption-attachment-51\" style=\"width: 300px\" class=\"wp-caption alignnone\"><img loading=\"lazy\" decoding=\"async\" class=\"size-medium wp-image-51\" src=\"https:\/\/www.edytasowa.pl\/wp-content\/uploads\/ge-vivid-s5-cardio-vascular-300x300.jpg\" alt=\"\" width=\"300\" height=\"300\" srcset=\"https:\/\/www.edytasowa.pl\/wp-content\/uploads\/ge-vivid-s5-cardio-vascular-300x300.jpg 300w, https:\/\/www.edytasowa.pl\/wp-content\/uploads\/ge-vivid-s5-cardio-vascular-150x150.jpg 150w, https:\/\/www.edytasowa.pl\/wp-content\/uploads\/ge-vivid-s5-cardio-vascular-100x100.jpg 100w, https:\/\/www.edytasowa.pl\/wp-content\/uploads\/ge-vivid-s5-cardio-vascular.jpg 458w\" sizes=\"auto, (max-width: 300px) 100vw, 300px\" \/><figcaption id=\"caption-attachment-51\" class=\"wp-caption-text\">Echokardiografia serca (zwana te\u017c echem serca lub USG serca) wykorzystuje fale ultrad\u017awi\u0119kowe do sprawdzenia wielko\u015bci, budowy, pracy kom\u00f3r i zastawek oraz przep\u0142yw\u00f3w krwi.<\/figcaption><\/figure>\n<figure id=\"attachment_52\" aria-describedby=\"caption-attachment-52\" style=\"width: 223px\" class=\"wp-caption alignnone\"><img loading=\"lazy\" decoding=\"async\" class=\"size-medium wp-image-52\" src=\"https:\/\/www.edytasowa.pl\/wp-content\/uploads\/b9800tl4-223x300.jpg\" alt=\"\" width=\"223\" height=\"300\" srcset=\"https:\/\/www.edytasowa.pl\/wp-content\/uploads\/b9800tl4-223x300.jpg 223w, https:\/\/www.edytasowa.pl\/wp-content\/uploads\/b9800tl4-768x1035.jpg 768w, https:\/\/www.edytasowa.pl\/wp-content\/uploads\/b9800tl4-760x1024.jpg 760w, https:\/\/www.edytasowa.pl\/wp-content\/uploads\/b9800tl4.jpg 837w\" sizes=\"auto, (max-width: 223px) 100vw, 223px\" \/><figcaption id=\"caption-attachment-52\" class=\"wp-caption-text\">Metoda Holtera pozwala na zarejestrowanie pracy serca przez 24, a nawet 48 godzin. W tym czasie pacjent mo\u017ce wykonywa\u0107 codzienne czynno\u015bci.<\/figcaption><\/figure>\n<figure id=\"attachment_53\" aria-describedby=\"caption-attachment-53\" style=\"width: 300px\" class=\"wp-caption alignnone\"><img loading=\"lazy\" decoding=\"async\" class=\"size-medium wp-image-53\" src=\"https:\/\/www.edytasowa.pl\/wp-content\/uploads\/pm50-300x300.png\" alt=\"\" width=\"300\" height=\"300\" srcset=\"https:\/\/www.edytasowa.pl\/wp-content\/uploads\/pm50-300x300.png 300w, https:\/\/www.edytasowa.pl\/wp-content\/uploads\/pm50-150x150.png 150w, https:\/\/www.edytasowa.pl\/wp-content\/uploads\/pm50-100x100.png 100w, https:\/\/www.edytasowa.pl\/wp-content\/uploads\/pm50.png 500w\" sizes=\"auto, (max-width: 300px) 100vw, 300px\" \/><figcaption id=\"caption-attachment-53\" class=\"wp-caption-text\">Holter ci\u015bnieniowy &#8211; 24h rejestracja (pomiar co 30 min) ci\u015bnienia t\u0119tniczego<\/figcaption><\/figure>\n<figure id=\"attachment_54\" aria-describedby=\"caption-attachment-54\" style=\"width: 300px\" class=\"wp-caption alignnone\"><img loading=\"lazy\" decoding=\"async\" class=\"size-medium wp-image-54\" src=\"https:\/\/www.edytasowa.pl\/wp-content\/uploads\/ecg600ggw-300x300.png\" alt=\"\" width=\"300\" height=\"300\" srcset=\"https:\/\/www.edytasowa.pl\/wp-content\/uploads\/ecg600ggw-300x300.png 300w, https:\/\/www.edytasowa.pl\/wp-content\/uploads\/ecg600ggw-150x150.png 150w, https:\/\/www.edytasowa.pl\/wp-content\/uploads\/ecg600ggw-100x100.png 100w, https:\/\/www.edytasowa.pl\/wp-content\/uploads\/ecg600ggw.png 600w\" sizes=\"auto, (max-width: 300px) 100vw, 300px\" \/><figcaption id=\"caption-attachment-54\" class=\"wp-caption-text\">EKG &#8211; podstawowe badanie w celu oceny pracy serca i wykrycia ewentualnych jego zaburze\u0144.<\/figcaption><\/figure>\n<figure id=\"attachment_66\" aria-describedby=\"caption-attachment-66\" style=\"width: 300px\" class=\"wp-caption alignnone\"><img loading=\"lazy\" decoding=\"async\" class=\"size-medium wp-image-66\" src=\"https:\/\/www.edytasowa.pl\/wp-content\/uploads\/DSC_2472-300x199.jpg\" alt=\"\" width=\"300\" height=\"199\" srcset=\"https:\/\/www.edytasowa.pl\/wp-content\/uploads\/DSC_2472-300x199.jpg 300w, https:\/\/www.edytasowa.pl\/wp-content\/uploads\/DSC_2472-768x509.jpg 768w, https:\/\/www.edytasowa.pl\/wp-content\/uploads\/DSC_2472-1024x678.jpg 1024w\" sizes=\"auto, (max-width: 300px) 100vw, 300px\" \/><figcaption id=\"caption-attachment-66\" class=\"wp-caption-text\">Gabinet lekarski SPL MEDTECH<\/figcaption><\/figure>\n<figure id=\"attachment_67\" aria-describedby=\"caption-attachment-67\" style=\"width: 300px\" class=\"wp-caption alignnone\"><img loading=\"lazy\" decoding=\"async\" class=\"size-medium wp-image-67\" src=\"https:\/\/www.edytasowa.pl\/wp-content\/uploads\/DSC_1550-300x199.jpg\" alt=\"\" width=\"300\" height=\"199\" srcset=\"https:\/\/www.edytasowa.pl\/wp-content\/uploads\/DSC_1550-300x199.jpg 300w, https:\/\/www.edytasowa.pl\/wp-content\/uploads\/DSC_1550-768x509.jpg 768w, https:\/\/www.edytasowa.pl\/wp-content\/uploads\/DSC_1550-1024x678.jpg 1024w\" sizes=\"auto, (max-width: 300px) 100vw, 300px\" \/><figcaption id=\"caption-attachment-67\" class=\"wp-caption-text\">Gabinet lekarski SPL MEDTECH<\/figcaption><\/figure>\n<figure id=\"attachment_68\" aria-describedby=\"caption-attachment-68\" style=\"width: 300px\" class=\"wp-caption alignnone\"><img loading=\"lazy\" decoding=\"async\" class=\"size-medium wp-image-68\" src=\"https:\/\/www.edytasowa.pl\/wp-content\/uploads\/DSC_1560-300x199.jpg\" alt=\"\" width=\"300\" height=\"199\" srcset=\"https:\/\/www.edytasowa.pl\/wp-content\/uploads\/DSC_1560-300x199.jpg 300w, https:\/\/www.edytasowa.pl\/wp-content\/uploads\/DSC_1560-768x508.jpg 768w, https:\/\/www.edytasowa.pl\/wp-content\/uploads\/DSC_1560-1024x678.jpg 1024w, https:\/\/www.edytasowa.pl\/wp-content\/uploads\/DSC_1560.jpg 2000w\" sizes=\"auto, (max-width: 300px) 100vw, 300px\" \/><figcaption id=\"caption-attachment-68\" class=\"wp-caption-text\">Poczekalnia<\/figcaption><\/figure>\n","protected":false},"excerpt":{"rendered":"<p>Wizyta lekarska z echem serca (UKG)\u00a0 i EKG :\u00a0 \u00a0 \u00a0 450 z\u0142\u00a0 (60 min) Wizyta lekarska z badaniem EKG :\u00a0 \u00a0 \u00a0 \u00a0 \u00a0 \u00a0 \u00a0 \u00a0 \u00a0 \u00a0 \u00a0 \u00a0 \u00a0 \u00a0 \u00a0300 z\u0142\u00a0 \u00a0(30 min) Echo serca ( UKG ):\u00a0 \u00a0 \u00a0 \u00a0 \u00a0 \u00a0 \u00a0 \u00a0 \u00a0 \u00a0 \u00a0 \u00a0 \u00a0 &hellip; <\/p>\n<p class=\"link-more\"><a href=\"https:\/\/www.edytasowa.pl\/index.php\/cennik\/\" class=\"more-link\">Czytaj dalej<span class=\"screen-reader-text\"> \u201eCennik -oferta\u201d<\/span><\/a><\/p>\n","protected":false},"author":1,"featured_media":0,"parent":0,"menu_order":1,"comment_status":"closed","ping_status":"closed","template":"","meta":{"footnotes":""},"class_list":["post-161","page","type-page","status-publish","hentry"],"_links":{"self":[{"href":"https:\/\/www.edytasowa.pl\/index.php\/wp-json\/wp\/v2\/pages\/161","targetHints":{"allow":["GET"]}}],"collection":[{"href":"https:\/\/www.edytasowa.pl\/index.php\/wp-json\/wp\/v2\/pages"}],"about":[{"href":"https:\/\/www.edytasowa.pl\/index.php\/wp-json\/wp\/v2\/types\/page"}],"author":[{"embeddable":true,"href":"https:\/\/www.edytasowa.pl\/index.php\/wp-json\/wp\/v2\/users\/1"}],"replies":[{"embeddable":true,"href":"https:\/\/www.edytasowa.pl\/index.php\/wp-json\/wp\/v2\/comments?post=161"}],"version-history":[{"count":45,"href":"https:\/\/www.edytasowa.pl\/index.php\/wp-json\/wp\/v2\/pages\/161\/revisions"}],"predecessor-version":[{"id":478,"href":"https:\/\/www.edytasowa.pl\/index.php\/wp-json\/wp\/v2\/pages\/161\/revisions\/478"}],"wp:attachment":[{"href":"https:\/\/www.edytasowa.pl\/index.php\/wp-json\/wp\/v2\/media?parent=161"}],"curies":[{"name":"wp","href":"https:\/\/api.w.org\/{rel}","templated":true}]}}