{"id":12,"date":"2018-03-31T15:31:47","date_gmt":"2018-03-31T13:31:47","guid":{"rendered":"http:\/\/www.edytasowa.pl\/?page_id=12"},"modified":"2025-11-17T18:50:47","modified_gmt":"2025-11-17T17:50:47","slug":"kontakt","status":"publish","type":"page","link":"https:\/\/www.edytasowa.pl\/","title":{"rendered":"Kontakt"},"content":{"rendered":"\n<p>Rejestracja telefoniczna czynna wy\u0142\u0105cznie w poniedzia\u0142ki i wtorki w godz. 18.00 &#8211; 21.00<br>W pozosta\u0142e dni prosz\u0119 o sms 'WIZYTA&#8221; lub rejestracj\u0119 internetow\u0105.<\/p>\n\n\n<\/p>\n<hr>\n<p><strong>Adres gabinetu<\/strong><br \/>ul. Walentego Ro\u017adzie\u0144skiego 9<br \/>Por\u0119ba, 42-480<\/p>\n<p><iframe loading=\"lazy\" style=\"border: 0;\" src=\"https:\/\/www.google.com\/maps\/embed?pb=!1m18!1m12!1m3!1d2538.3203614201097!2d19.340149115441207!3d50.490995079481024!2m3!1f0!2f0!3f0!3m2!1i1024!2i768!4f13.1!3m3!1m2!1s0x4716d917de13ffff%3A0x4d3a5eef4277fe48!2smedtech!5e0!3m2!1spl!2spl!4v1522582285605\" width=\"600\" height=\"450\" frameborder=\"0\" allowfullscreen=\"allowfullscreen\"><\/iframe><\/p>\n<p>Nawigacja:&nbsp; &nbsp;<a href=\"https:\/\/goo.gl\/maps\/RDBK2C4BmhN2\">https:\/\/goo.gl\/maps\/RDBK2C4BmhN2<\/a><\/p>\n<p><img loading=\"lazy\" decoding=\"async\" class=\"alignnone size-medium wp-image-98\" src=\"https:\/\/www.edytasowa.pl\/wp-content\/uploads\/Gabinet_zew-199x300.jpg\" alt=\"\" width=\"199\" height=\"300\" srcset=\"https:\/\/www.edytasowa.pl\/wp-content\/uploads\/Gabinet_zew-199x300.jpg 199w, https:\/\/www.edytasowa.pl\/wp-content\/uploads\/Gabinet_zew-768x1158.jpg 768w, https:\/\/www.edytasowa.pl\/wp-content\/uploads\/Gabinet_zew-679x1024.jpg 679w\" sizes=\"auto, (max-width: 199px) 100vw, 199px\" \/><\/p>","protected":false},"excerpt":{"rendered":"<p>Rejestracja telefoniczna czynna wy\u0142\u0105cznie w poniedzia\u0142ki i wtorki w godz. 18.00 &#8211; 21.00W pozosta\u0142e dni prosz\u0119 o sms 'WIZYTA&#8221; lub rejestracj\u0119 internetow\u0105. Adres gabinetuul. Walentego Ro\u017adzie\u0144skiego 9Por\u0119ba, 42-480 Nawigacja:&nbsp; &nbsp;https:\/\/goo.gl\/maps\/RDBK2C4BmhN2<\/p>\n","protected":false},"author":1,"featured_media":0,"parent":0,"menu_order":5,"comment_status":"closed","ping_status":"closed","template":"","meta":{"footnotes":""},"class_list":["post-12","page","type-page","status-publish","hentry"],"_links":{"self":[{"href":"https:\/\/www.edytasowa.pl\/index.php\/wp-json\/wp\/v2\/pages\/12","targetHints":{"allow":["GET"]}}],"collection":[{"href":"https:\/\/www.edytasowa.pl\/index.php\/wp-json\/wp\/v2\/pages"}],"about":[{"href":"https:\/\/www.edytasowa.pl\/index.php\/wp-json\/wp\/v2\/types\/page"}],"author":[{"embeddable":true,"href":"https:\/\/www.edytasowa.pl\/index.php\/wp-json\/wp\/v2\/users\/1"}],"replies":[{"embeddable":true,"href":"https:\/\/www.edytasowa.pl\/index.php\/wp-json\/wp\/v2\/comments?post=12"}],"version-history":[{"count":78,"href":"https:\/\/www.edytasowa.pl\/index.php\/wp-json\/wp\/v2\/pages\/12\/revisions"}],"predecessor-version":[{"id":498,"href":"https:\/\/www.edytasowa.pl\/index.php\/wp-json\/wp\/v2\/pages\/12\/revisions\/498"}],"wp:attachment":[{"href":"https:\/\/www.edytasowa.pl\/index.php\/wp-json\/wp\/v2\/media?parent=12"}],"curies":[{"name":"wp","href":"https:\/\/api.w.org\/{rel}","templated":true}]}}